{"id":508,"date":"2016-09-28T19:32:12","date_gmt":"2016-09-28T19:32:12","guid":{"rendered":"http:\/\/www.abmpdf.com\/?page_id=508"},"modified":"2026-02-24T11:11:44","modified_gmt":"2026-02-24T14:11:44","slug":"inscricoes","status":"publish","type":"page","link":"https:\/\/www.abmpdf.com\/?page_id=508","title":{"rendered":"Curso de Psican\u00e1lise"},"content":{"rendered":"<p style=\"text-align: center;\"><img loading=\"lazy\" decoding=\"async\" class=\"alignnone  wp-image-655\" src=\"https:\/\/www.abmpdf.com\/wp-content\/uploads\/2016\/09\/obras.freud_.-150x150.jpg\" alt=\"\" width=\"195\" height=\"195\" srcset=\"https:\/\/www.abmpdf.com\/wp-content\/uploads\/2016\/09\/obras.freud_.-150x150.jpg 150w, https:\/\/www.abmpdf.com\/wp-content\/uploads\/2016\/09\/obras.freud_.-300x300.jpg 300w, https:\/\/www.abmpdf.com\/wp-content\/uploads\/2016\/09\/obras.freud_..jpg 500w\" sizes=\"auto, (max-width: 195px) 100vw, 195px\" \/><\/p>\n<p style=\"text-align: center;\"><strong>PERCURSO MULTIDISCIPLINAR LIVRE DE PSICAN\u00c1LISE DA ABMPDF<\/strong><\/p>\n<p style=\"text-align: center;\"><strong>CONTATO ON-LINE OU VIA E-MAIL\u00a0 \u00a0<\/strong><\/p>\n<p style=\"text-align: center;\" align=\"center\"><strong>\u00a0WATSAPP (61) 981000067\u00a0<\/strong><\/p>\n<p style=\"text-align: center;\" align=\"center\"><strong>( NOVAS TURMAS &#8211; EAD)<\/strong><\/p>\n<p style=\"text-align: center;\" align=\"center\"><strong>( AULAS GRAVADAS &#8211; LIVROS INCLUSOS )<br \/>\n<\/strong><\/p>\n<p style=\"text-align: center;\" align=\"center\"><strong>Aula EAD\u00a0 Mensal \/ \u00a0 (S\u00e1bado)<\/strong><\/p>\n<p style=\"text-align: center;\" align=\"center\"><strong>Curso \u00a0Referendado Internacionalmente<\/strong><\/p>\n<p style=\"text-align: center;\" align=\"center\"><strong>e &amp; Parcerias Reconhecidas<\/strong><\/p>\n<p style=\"text-align: center;\" align=\"center\">\u00a0(Teoria e pr\u00e1tica)<\/p>\n<p style=\"text-align: center;\" align=\"center\"><strong>OP\u00c7\u00c3O VOLUNT\u00c1RIA DE EST\u00c1GIO:<\/strong><\/p>\n<p style=\"text-align: center;\" align=\"center\"><strong>Curso com (op\u00e7\u00e3o) Est\u00e1gio de Acolhimento Escuta Psicanal\u00edtica<\/strong><\/p>\n<p style=\"text-align: center;\" align=\"center\"><strong><a title=\"FREUD EST\u00c1 DE VOLTA ! ESTUDE PSICAN\u00c1LISE !\" href=\"boletim.pdf\/freud.pdf\" target=\"_blank\" rel=\"noopener\">FREUD EST\u00c1 DE VOLTA &#8211; CLICK A<\/a><\/strong><strong><a title=\"FREUD EST\u00c1 DE VOLTA ! ESTUDE PSICAN\u00c1LISE !\" href=\"boletim.pdf\/freud.pdf\" target=\"_blank\" rel=\"noopener\">QUI PARA LER ARTIGO\u00a0<\/a><\/strong><\/p>\n<p style=\"text-align: center;\" align=\"center\"><strong>\u00a0<\/strong><strong>Parceria do Percurso de Psican\u00e1lise:\u00a0<\/strong><\/p>\n<p style=\"text-align: center;\" align=\"center\"><strong>Execu\u00e7\u00e3o I.B.F. OSCIP \u00a0vinculada -MJ<\/strong><\/p>\n<p style=\"text-align: center;\" align=\"center\"><strong>Escola de Psican\u00e1lise Cl\u00ednica do Rio de Janeiro &#8211; RJ (ANTIGA)<br \/>\n<\/strong><\/p>\n<p style=\"text-align: center;\" align=\"center\"><strong>\u00a0<\/strong><strong>PARCERIA: UNI.FREUD CURSOS E TREINAMENTOS<\/strong><\/p>\n<p style=\"text-align: center;\" align=\"center\"><strong>Novas Turmas:\u00a0 <\/strong><\/p>\n<p style=\"text-align: center;\" align=\"center\"><strong>( NO MOMENTO SOMENTE EAD)<br \/>\n<\/strong><\/p>\n<p style=\"text-align: center;\" align=\"center\"><strong>PER\u00cdODO DE RESERVA DE VAGAS :<\/strong><\/p>\n<ul>\n<li style=\"text-align: center;\"><strong>inscri\u00e7\u00f5es abertas <\/strong><\/li>\n<li style=\"text-align: center;\"><strong>\u00a0(Sele\u00e7\u00e3o\/ vaga\u00a0 Mediante Avalia\u00e7\u00e3o de Curr\u00edculo e Entrevista)<\/strong><\/li>\n<\/ul>\n<p style=\"text-align: center;\" align=\"center\"><strong>CURSO DE ESTUDO DAS OBRAS DE FREUD E P\u00d3S FREUD\u00a0<\/strong><\/p>\n<p style=\"text-align: center;\"><strong>*C\/ OP\u00c7\u00c3O TRIP\u00c9 PSICANAL\u00cdTICO<\/strong><\/p>\n<p style=\"text-align: center;\" align=\"center\"><strong> *(n\u00e3o incluso no valor na me<\/strong><strong>nsalidade)<\/strong><\/p>\n<p style=\"text-align: center;\" align=\"center\"><strong>ABMPDF &amp; UNI.FREUD<br \/>\n<\/strong><\/p>\n<p style=\"text-align: center;\" align=\"center\"><strong>(Aberto Per\u00edodo Reserva de Vagas &#8211; Aulas EAD)<\/strong><\/p>\n<p style=\"text-align: center;\" align=\"center\"><strong>((((SITE EM ATUALIZA\u00c7\u00c3O GRADATIVA))))) &#8211; JANEIRO\/2026<br \/>\n<\/strong><\/p>\n<p style=\"text-align: center;\" align=\"center\"><strong>CONFIRMA\u00c7\u00c3O DE APROVA\u00c7\u00c3O DE MATR\u00cdCULA*<\/strong><\/p>\n<p><strong>\u00a0\u00a0\u00a0\u00a0\u00a0\u00a0\u00a0\u00a0\u00a0\u00a0\u00a0\u00a0\u00a0\u00a0\u00a0\u00a0\u00a0\u00a0\u00a0\u00a0\u00a0\u00a0\u00a0\u00a0\u00a0\u00a0\u00a0\u00a0\u00a0\u00a0\u00a0\u00a0\u00a0\u00a0\u00a0\u00a0\u00a0\u00a0\u00a0\u00a0\u00a0\u00a0 *(Sujeita a Entrevista e Avalia\u00e7\u00e3o Individual de Curr\u00edculo)<\/strong><\/p>\n<p style=\"text-align: center;\"><strong>P\u00fablico Preferencial:\u00a0<\/strong><\/p>\n<p style=\"text-align: center;\"><strong>Profissionais (Aposentados) ou em transi\u00e7\u00e3o de Carreira ou Novas Ocupa\u00e7\u00f5es, Orientadores Educacionais, Psicop<\/strong><strong>edagogos (as), Professores (as), Educadores (as) Infantil, Especialistas em Educa\u00e7\u00e3o Especial e Inclusiva, Assistentes Sociais, Psicanalistas, Ju\u00edzes de Direito, Delegados de Pol\u00edcia, Procuradores, Policiais Civis e Militares, Advogados (as), Servidores da Justi\u00e7a, Profissionais de Sa\u00fade Mental, Juristas e demais interessados com alguma forma\u00e7\u00e3o\/gradua\u00e7\u00e3o n\u00edvel superior na \u00e1rea de ci\u00eancias humanas.\u00a0<\/strong><\/p>\n<p style=\"text-align: center;\" align=\"center\">Envie: seu\u00a0 Curr\u00edculo Vitae<\/p>\n<p style=\"text-align: center;\" align=\"center\">(N\u00e3o precisa constar no seu curr\u00edculo dados cadastrais n\u00e3o coloque CPF ou RG\u00a0<strong>\u00a0<\/strong><\/p>\n<p style=\"text-align: center;\"><strong>N\u00edvel<\/strong>: Curso de Estudos Livre de Extens\u00e3o Capacita\u00e7\u00e3o e Qualifica\u00e7\u00e3o Profissionalizante Livre .<\/p>\n<p style=\"text-align: center;\"><strong>Certifica\u00e7\u00e3o<\/strong>: Curso de Estudos das Obras de Freud e P\u00f3s Freud de Psican\u00e1lise<\/p>\n<p style=\"text-align: center;\">\u00a0C\/ Op\u00e7\u00e3o: Trip\u00e9 Psicanal\u00edtico<\/p>\n<p style=\"text-align: center;\">Nosso curso \u00e9 de Capacita\u00e7\u00e3o por Percurso Psicanal\u00edtico, extens\u00e3o Livre, Capacita\u00e7\u00e3o Profissionalizante e Qualifica\u00e7\u00e3o Livre de acordo com legisla\u00e7\u00e3o vigente sobre cursos livres e de Atualiza\u00e7\u00e3o e Qualifica\u00e7\u00e3o Profissionalizante este Curso \u00e9 isento de qualquer reconhecimento. Sua base legal est\u00e1 na Lei de Cursos Livres, n\u00ba. 9394\/96 art. 67 e 87, inciso III e Parecer n\u00ba. 64\/2004 &#8211; CEDF. Percurso Psicanal\u00edtico da ABMPDF &amp; Parcerias. \/ Esse curso n\u00e3o \u00e9 gradua\u00e7\u00e3o superior universit\u00e1ria, n\u00e3o \u00e9 p\u00f3s gradua\u00e7\u00e3o. \u00c9 curso de estudos e capacita\u00e7\u00e3o livre profissionalizante de Percurso Tradicional de Psican\u00e1lise com enfoque Freud, P\u00f3s Freud e Psican\u00e1lise P\u00f3s Moderna.<\/p>\n<p style=\"text-align: center;\"><strong>Minis<\/strong><strong>trado:<\/strong><\/p>\n<p style=\"text-align: center;\"><strong>ABMPDF. em Parceria &amp; Uni.Freud Cursos e Treinamentos . <\/strong><\/p>\n<p style=\"text-align: center;\"><strong>A ABMPDF \u00e9 tem parceria com a antiga (EPCRJ-RJ.) &amp; UNI.FREUD &amp; IBF-DF<br \/>\n<\/strong><\/p>\n<p style=\"text-align: center;\"><strong>Objetivo<\/strong>: Estudar as Obras do Prof. Dr. Sigmund Freud e P\u00f3s Freud, \u00a0revisitar o in\u00edcio da psican\u00e1lise e sua evolu\u00e7\u00e3o ao longo do tempo, bem como aprofundar-se em Psican\u00e1lise com enfoque cl\u00ednico anal\u00edtico em estudos de casos e da pr\u00e1tica da psican\u00e1lise\u00a0em setting Anal\u00edtico, acolhimento de escuta psicanal\u00edtica.<\/p>\n<p style=\"text-align: center;\"><strong>P\u00fabli<\/strong><strong>co-alvo<\/strong>: Pais, Av\u00f3s, Casais, Educadores, Orientadores Educacionais, Professores, Policiais Civis e Militares, Juristas, Advogados, Psicanalistas, Psicoterapeutas, Ju\u00edzes de Direito, Promotores de Justi\u00e7a, Diplomatas, Delegados de Pol\u00edcia, Profissionais Sa\u00fade Cl\u00ednica ou Mental \u00a0e formados em (Psican\u00e1lise) \u00a0que queiram aperfei\u00e7oar-se e \u00a0e tamb\u00e9m a Interessados que sejam portadores de curso superior , em qualquer \u00e1rea do conhecimento &#8220;ci\u00eancias humanas&#8221;, os candidatos ser\u00e3o selecionados ap\u00f3s entrevista e avalia\u00e7\u00e3o de curr\u00edculo vitae para o percurso Psicanal\u00edtico.<\/p>\n<p style=\"text-align: center;\"><strong>Dura\u00e7\u00e3o:\u00a0<\/strong> 2 anos (24 m\u00f3dulos) sendo uma Aula\/M\u00f3dulo (mensal) &#8211; EAD<\/p>\n<p style=\"text-align: center;\"><strong>Metodologia<\/strong>:\u00a0\u00a024 M\u00f3dulos com uma Aula Presencial Mensal\/EAD com recursos de m\u00eddia, intera\u00e7\u00e3o e Apostila eletr\u00f4nica (pdf) e (op\u00e7\u00e3o) pr\u00e1tica de Setting Anal\u00edtico \u00e9 necess\u00e1rio que o Cursista (aspirante de psican\u00e1lise) seja autodidata e disciplinado para com (leituras) e os estudos, das leituras das Obras de Freud e bibliografia recomendada durante o curso, e esteja disposto e tenha condi\u00e7\u00f5es de concluir a teoria e com a op\u00e7\u00e3o e custo do Trip\u00e9 Psicanal\u00edtico Tradicional.<\/p>\n<p style=\"text-align: center;\">\u00c9 recomend\u00e1vel possuir para seu uso pessoal em sala de aula seu pr\u00f3prio netbook ou notbook, possuir no\u00e7\u00f5es de navega\u00e7\u00e3o e acesso a Internet.\u00a0 ( No momento todas AULAS EAD )<br \/>\n<strong>24 \u00a0M\u00f3dulos (Aulas EAD \/ Presencial, Material e Livros Inclusos)<br \/>\n<\/strong><\/p>\n<p style=\"text-align: center;\"><strong>Trip\u00e9 Psicanal\u00edtico:<\/strong><\/p>\n<p style=\"text-align: center;\"><strong> (N\u00e3o incluso entre 100\/300 Horas An\u00e1lise\/Did\u00e1tica Pessoal *<br \/>\n<\/strong><\/p>\n<p style=\"text-align: center;\">* ( M\u00e9dia pode variar e depende da dedica\u00e7\u00e3o de cada Aspirante de Psican\u00e1lise)<\/p>\n<p style=\"text-align: center;\"><strong>*(Aspirante de Psican\u00e1lise) \u00a0e M\u00ednimo de 100 \u00a0Horas (est\u00e1gio de escuta) parte\u00a0 pr\u00e1tica gratuita de est\u00e1gio voluntariado Gratuito de Escuta e Acolhimento Psicanal\u00edtico sob. supervis\u00e3o dos termos de parcerias de &#8220;Voluntariado&#8221; da \u00a0ABMP-DF. \u00a0<\/strong><\/p>\n<p style=\"text-align: center;\"><strong>* ( As sess\u00f5es de an\u00e1lises\/did\u00e1tica\/Pessoais n\u00e3o est\u00e3o inclusas na mensalidade do Curso).<\/strong><\/p>\n<p style=\"text-align: center;\"><strong>O Aspirante de Psican\u00e1lise t\u00eam at\u00e9 <\/strong><\/p>\n<p style=\"text-align: center;\"><strong>(Doi<\/strong><strong>s anos) ap\u00f3s a Conclus\u00e3o dos M\u00f3dulos (te\u00f3ricos) para iniciar a conclus\u00e3o do seu Trip\u00e9 Psicanal\u00edtico\u00a0<\/strong><\/p>\n<p style=\"text-align: center;\"><strong>ATEN\u00c7\u00c3O:<\/strong><\/p>\n<p style=\"text-align: center;\"><strong>RESERVA: De Vaga \u00e9 necess\u00e1rio apresentar inten\u00e7\u00e3o de se Inscrever no Curso por e-mail e enviar \u00a0Curr\u00edculo Vitae para futuro agendamento da sua entrevista e efetiva\u00e7\u00e3o de matr\u00edcula. <\/strong><\/p>\n<p style=\"text-align: center;\"><strong>(N\u00e3o precisa mencionar \/ constar \u00a0RG ou CPF no seu curr\u00edculo)\u00a0<\/strong><\/p>\n<p style=\"text-align: center;\"><strong>Mande seu nome, telefones de contato e curr\u00edculo para<\/strong><\/p>\n<p style=\"text-align: center;\"><strong> Reserva por e-mail:<\/strong><\/p>\n<p style=\"text-align: center;\"><strong><a href=\"https:\/\/www.abmpdf.com\/?page_id=510\">CLICK AQUI ENTRE CONTATO CONOSCO:<\/a><br \/>\n<\/strong><\/p>\n<p style=\"text-align: center;\"><strong>Efetiva\u00e7\u00e3o Matr\u00edcula e Entrevista at\u00e9: ( A ser agendada )\u00a0<\/strong><\/p>\n<p style=\"text-align: center;\"><strong>Taxa de Inscri\u00e7\u00e3o: R$ (sob.consulta) <\/strong><\/p>\n<p style=\"text-align: center;\"><strong>Valor de Cada M\u00f3dulo\/Mensalidade: R$ sob\/consulta) *<\/strong><\/p>\n<p style=\"text-align: center;\"><strong>(J\u00e1 incluso desconto por assiduidade e presen\u00e7a em sala de Aula)<\/strong><\/p>\n<p style=\"text-align: center;\"><strong>Valor Mensalidade S\/desconto\/presencial em Aula Mensal <\/strong><\/p>\n<p style=\"text-align: center;\"><strong> (Valor Promocional por Pontualidade)\u00a0<\/strong><\/p>\n<p style=\"text-align: center;\"><strong>Pr\u00e9 Requisito:<\/strong> Forma\u00e7\u00e3o ou Gradua\u00e7\u00e3o Superior em Qualquer \u00c1rea &#8220;Ci\u00eancias Humanas&#8221; e Apresenta\u00e7\u00e3o de curr\u00edculo vitae para An\u00e1lise e preencher os requisitos da ficha de Entrevista. Para ocupa\u00e7\u00e3o de psican\u00e1lise \u00a0\u00e9 necess\u00e1rio fazer\u00a0 supervis\u00e3o e an\u00e1lise ou apresentar a declara\u00e7\u00e3o que fa\u00e7a a comprova\u00e7\u00e3o da mesma. habilidade para leitura, Escuta Neutra, Acolhimento de Escuta, no\u00e7\u00f5es b\u00e1sicas de inform\u00e1tica e acesso\u00a0 a internet e bom conv\u00edvio em sociedade e apresentar nada consta penal e criminal.<\/p>\n<p style=\"text-align: center;\"><strong>Para candidatos Aspirantes\u00a0<\/strong>a\u00a0<strong>Escuta e An\u00e1lise ocupa\u00e7\u00e3o: (Psicanalista) devem concluir \/ fazer o trip\u00e9 da Psican\u00e1lise,<\/strong>\u00a0sendo necess\u00e1rio\u00a0<strong>aderir \u00a0&#8220;associar-se&#8221; \u00a0a ABMPDF<\/strong>\u00a0e marcar suas an\u00e1lises\/ e sob supervis\u00e3o poder\u00e1 fazer pr\u00e1tica<strong> de Acolhimento e escuta psicanal\u00edtica \u00a0volunt\u00e1ria e \u00a0Supervisionada via \u00a0ABMPDF na Parceria-&#8220;Voluntariada&#8221; de acordo com &#8220;Lei Federal do Voluntariado&#8221; de acordo com termo de Parceria Voluntariada Assinado entre \u00a0ABMPDF Institui\u00e7\u00f5es Parcerias.\u00a0<\/strong><\/p>\n<p><strong>\u00a0 \u00a0 \u00a0 \u00a0 \u00a0 \u00a0 \u00a0 \u00a0 \u00a0 \u00a0 \u00a0 \u00a0 \u00a0 \u00a0Grade do Curso\u00a0\u00a0 \/ \u00a0ABMPDF (sujeita a altera\u00e7\u00f5es e atualiza\u00e7\u00f5es)<br \/>\n<\/strong><\/p>\n<table border=\"0\" width=\"562\" cellspacing=\"0\" cellpadding=\"0\">\n<tbody>\n<tr>\n<td width=\"89\"><strong>Temas dos M\u00f3dulos:<\/strong><strong>(Sujeito a atualiza\u00e7\u00f5es e revis\u00f5es sem pr\u00e9vio aviso e sem preju\u00edzo ao estudante de Psican\u00e1lise)<br \/>\n<\/strong><\/td>\n<\/tr>\n<\/tbody>\n<\/table>\n<p><strong>\u00a0<\/strong><\/p>\n<p><strong><strong>I\u00a0\u00a0 A Histeria e o Surgimento da Psican\u00e1lise<\/strong><\/strong> <strong>\u00a0<\/strong><strong><br \/>\n<\/strong> <strong>II\u00a0\u00a0 Mecanismos Ps\u00edquicos e Fen\u00f4menos Hist\u00e9ricos<br \/>\n<\/strong> <strong>\u00a0 <\/strong> <strong>III\u00a0 A Sexualidade na Etiologia das Neuroses<br \/>\n<\/strong> <strong>\u00a0 <\/strong> <strong>IV\u00a0\u00a0 Introdu\u00e7\u00e3o a Interpreta\u00e7\u00e3o dos Sonhos<br \/>\n<\/strong> <strong>\u00a0<\/strong> <strong>V\u00a0\u00a0\u00a0 Esquecimentos, lapsos da fala, equ\u00edvocos A\u00e7\u00e3o, Supersti\u00e7\u00f5es e erros.<br \/>\n<\/strong> <strong>\u00a0<\/strong> <strong>VI\u00a0\u00a0\u00a0 O M\u00e9todo Psicanal\u00edtico<br \/>\n<\/strong> <strong>\u00a0<\/strong> <strong>VII\u00a0\u00a0 O Tratamento Ps\u00edquico<br \/>\n<\/strong> <strong>\u00a0<\/strong> <strong>VIII\u00a0\u00a0 Os Chistes e sua rela\u00e7\u00e3o com o inconsciente<br \/>\n<\/strong> <strong>\u00a0 <\/strong> <strong>IX\u00a0\u00a0\u00a0 Arqueologia da Mente (Gradiva de Jensen)<br \/>\n<\/strong> <strong>\u00a0 <\/strong> <strong>X\u00a0\u00a0\u00a0 Casos Cl\u00ednicos: O Pequeno Hans e o Homem dos Ratos<br \/>\n<\/strong> <strong>\u00a0<\/strong> <strong>XI\u00a0\u00a0 Significa\u00e7\u00e3o Antit\u00e9tica das Palavras Primitivas<br \/>\n<\/strong> <strong>\u00a0<\/strong> <strong>XII\u00a0\u00a0 A Din\u00e2mica da transfer\u00eancia na Psican\u00e1lise<br \/>\n<\/strong> <strong>\u00a0<\/strong> <strong>XIII\u00a0 Tabu e Ambival\u00eancia Emocional do Inconsciente<br \/>\n<\/strong> <strong>\u00a0<\/strong> <strong>XIV\u00a0\u00a0\u00a0 Luto e Melancolia<br \/>\n<\/strong> <strong>\u00a0 <\/strong> <strong>XV\u00a0\u00a0 Hist\u00f3ria de uma Neurose Infantil<br \/>\n<\/strong> <strong>\u00a0<\/strong> <strong>XVI\u00a0 Al\u00e9m do princ\u00edpio do Prazer<br \/>\n<\/strong> <strong>\u00a0<\/strong> <strong>XVII\u00a0 Terapia de grupo e an\u00e1lise do Ego<br \/>\n<\/strong> <strong>\u00a0 <\/strong> <strong>XVIII O Ego e o Id<br \/>\n<\/strong> <strong>\u00a0<\/strong> <strong>XIX\u00a0 Teoria e Pr\u00e1tica na Interpreta\u00e7\u00e3o Sonhos<br \/>\n<\/strong> <strong>\u00a0<\/strong> <strong>XX\u00a0\u00a0\u00a0 Inibi\u00e7\u00f5es, Sintomas e Ansiedade<br \/>\n<\/strong> <strong>\u00a0<\/strong> <strong>XXI\u00a0\u00a0 A quest\u00e3o da An\u00e1lise leiga<br \/>\n<\/strong> <strong>\u00a0<\/strong> <strong>XXII\u00a0 O Futuro de uma Ilus\u00e3o e Mal Estar da Civiliza\u00e7\u00e3o<br \/>\n<\/strong> <strong>\u00a0<\/strong> <strong>XXIII\u00a0 Esbo\u00e7o de Psican\u00e1lise<br \/>\n<\/strong> <strong>\u00a0<\/strong> <strong>XXIV\u00a0 \u00c9tica da Psican\u00e1lise \/ Freud e P\u00f3s Freudianos<br \/>\n<\/strong> <strong>\u00a0<\/strong><strong>Novas\u00a0 Turma: (Reserve sua Vaga) &#8211;<\/strong><\/p>\n<p align=\"center\">\u00a0\u00a0\u00a0&#8220;O Avarento guarda o seu Tesouro como se fosse seu; Mas teme Servir-se dele como se na Realidade pertencesse a Outr\u00e9m.&#8221;\u00a0(Bion)<\/p>\n<p>Site:\u00a0<a title=\"blocked::http:\/\/www.abmpdf.com\/\" href=\"http:\/\/www.abmpdf.com\/\" target=\"_blank\" rel=\"noopener\">http:\/\/www.abmpdf.com<\/a><\/p>\n<p><a href=\"https:\/\/www.abmpdf.com\/?page_id=510\"><img loading=\"lazy\" decoding=\"async\" class=\"size-full wp-image-637 aligncenter\" src=\"http:\/\/www.abmpdf.com\/wp-content\/uploads\/2016\/09\/FL.jpg\" alt=\"FL\" width=\"700\" height=\"427\" srcset=\"https:\/\/www.abmpdf.com\/wp-content\/uploads\/2016\/09\/FL.jpg 700w, https:\/\/www.abmpdf.com\/wp-content\/uploads\/2016\/09\/FL-300x183.jpg 300w\" sizes=\"auto, (max-width: 700px) 100vw, 700px\" \/><\/a><\/p>\n","protected":false},"excerpt":{"rendered":"<p>PERCURSO MULTIDISCIPLINAR LIVRE DE PSICAN\u00c1LISE DA ABMPDF CONTATO ON-LINE OU VIA E-MAIL\u00a0 \u00a0 \u00a0WATSAPP (61) 981000067\u00a0 ( NOVAS TURMAS &#8211; EAD) ( AULAS GRAVADAS &#8211; LIVROS INCLUSOS ) Aula EAD\u00a0 Mensal \/ \u00a0 (S\u00e1bado) Curso \u00a0Referendado Internacionalmente e &amp; Parcerias Reconhecidas \u00a0(Teoria e pr\u00e1tica) OP\u00c7\u00c3O VOLUNT\u00c1RIA DE EST\u00c1GIO: Curso com (op\u00e7\u00e3o) Est\u00e1gio de Acolhimento Escuta [&hellip;]<\/p>\n","protected":false},"author":4,"featured_media":0,"parent":0,"menu_order":0,"comment_status":"closed","ping_status":"closed","template":"","meta":{"footnotes":""},"class_list":["post-508","page","type-page","status-publish","hentry"],"_links":{"self":[{"href":"https:\/\/www.abmpdf.com\/index.php?rest_route=\/wp\/v2\/pages\/508","targetHints":{"allow":["GET"]}}],"collection":[{"href":"https:\/\/www.abmpdf.com\/index.php?rest_route=\/wp\/v2\/pages"}],"about":[{"href":"https:\/\/www.abmpdf.com\/index.php?rest_route=\/wp\/v2\/types\/page"}],"author":[{"embeddable":true,"href":"https:\/\/www.abmpdf.com\/index.php?rest_route=\/wp\/v2\/users\/4"}],"replies":[{"embeddable":true,"href":"https:\/\/www.abmpdf.com\/index.php?rest_route=%2Fwp%2Fv2%2Fcomments&post=508"}],"version-history":[{"count":49,"href":"https:\/\/www.abmpdf.com\/index.php?rest_route=\/wp\/v2\/pages\/508\/revisions"}],"predecessor-version":[{"id":1920,"href":"https:\/\/www.abmpdf.com\/index.php?rest_route=\/wp\/v2\/pages\/508\/revisions\/1920"}],"wp:attachment":[{"href":"https:\/\/www.abmpdf.com\/index.php?rest_route=%2Fwp%2Fv2%2Fmedia&parent=508"}],"curies":[{"name":"wp","href":"https:\/\/api.w.org\/{rel}","templated":true}]}}