{"id":520,"date":"2016-09-28T19:39:08","date_gmt":"2016-09-28T22:39:08","guid":{"rendered":"http:\/\/www.abmpdf.com\/?page_id=520"},"modified":"2026-02-24T11:09:23","modified_gmt":"2026-02-24T14:09:23","slug":"renovacao-matricula","status":"publish","type":"page","link":"https:\/\/www.abmpdf.com\/?page_id=520","title":{"rendered":"Renova\u00e7\u00e3o CRPA: 2026"},"content":{"rendered":"<table border=\"0\" width=\"100%\" cellspacing=\"0\" cellpadding=\"5\">\n<tbody>\n<tr>\n<td><a href=\"http:\/\/www.abmpdf.com\/wp-content\/uploads\/2016\/09\/2013ABMPDF.png\"><img loading=\"lazy\" decoding=\"async\" class=\" wp-image-641 aligncenter\" src=\"https:\/\/www.abmpdf.com\/wp-content\/uploads\/2016\/10\/dis.ps_-300x286.jpg\" alt=\"\" width=\"198\" height=\"189\" srcset=\"https:\/\/www.abmpdf.com\/wp-content\/uploads\/2016\/10\/dis.ps_-300x286.jpg 300w, https:\/\/www.abmpdf.com\/wp-content\/uploads\/2016\/10\/dis.ps_.jpg 450w\" sizes=\"auto, (max-width: 198px) 100vw, 198px\" \/><\/a><\/p>\n<p style=\"text-align: center;\"><strong>Revalide Hoje Mesmo! <\/strong><\/p>\n<p style=\"text-align: center;\"><strong>E receba sua Nova Carteira Associativa\u00a0\u00a0<\/strong><\/p>\n<p style=\"text-align: center;\"><strong>(CRPA: 2026)<br \/>\n<\/strong><\/p>\n<p style=\"text-align: center;\">\u00a0* ( Descontos especiais por pontualidade )<\/p>\n<p style=\"text-align: center;\"><strong>Aten\u00e7\u00e3o antes de revalidar sua Anuidade entre\u00a0 Contato:<\/strong><\/p>\n<p style=\"text-align: center;\"><strong>\u00a0Watsapp (on-line) (61) 981000067<\/strong><\/p>\n<p style=\"text-align: center;\">&#8211; N\u00e3o temos agentes cobradores e n\u00e3o emitimos ou enviamos boletos via correios ou por e-mail<\/p>\n<p style=\"text-align: center;\"><strong>Mantenha-se voluntariamente <\/strong><strong>c\/ sua Anuidade em Dia !<\/strong><\/p>\n<p style=\"text-align: center;\">Procedimento \u00e9 Simples e pode ser via resolvido via (watsapp);<\/p>\n<p style=\"text-align: center;\">\u00a0 Seguindo os procedimentos administrativos<\/p>\n<p style=\"text-align: center;\">verifique a validade da sua Carteira CRPA da ABMPDF (antiga)<\/p>\n<p style=\"text-align: center;\">\n<\/td>\n<\/tr>\n<\/tbody>\n<\/table>\n<table border=\"0\" width=\"100%\" cellspacing=\"0\" cellpadding=\"5\">\n<tbody>\n<tr>\n<td>\n<form accept-charset=\"UNKNOWN\" action=\"https:\/\/pagseguro.uol.com.br\/v2\/checkout\/cart.html?action=add\" enctype=\"application\/x-www-form-urlencoded\" method=\"post\"><\/form>\n<p style=\"text-align: center;\"><img loading=\"lazy\" decoding=\"async\" class=\"alignnone size-medium wp-image-568\" src=\"https:\/\/www.abmpdf.com\/wp-content\/uploads\/2016\/09\/2061097-300x171.jpg\" alt=\"\" width=\"300\" height=\"171\" srcset=\"https:\/\/www.abmpdf.com\/wp-content\/uploads\/2016\/09\/2061097-300x171.jpg 300w, https:\/\/www.abmpdf.com\/wp-content\/uploads\/2016\/09\/2061097-768x439.jpg 768w, https:\/\/www.abmpdf.com\/wp-content\/uploads\/2016\/09\/2061097.jpg 900w\" sizes=\"auto, (max-width: 300px) 100vw, 300px\" \/><\/p>\n<p style=\"text-align: center;\">Entre em contato por e-mail:<\/p>\n<p style=\"text-align: center;\">abmpdf.org@gmail.com<\/p>\n<p style=\"text-align: center;\"><b>Contato\u00a0 on-line <\/b><\/p>\n<p style=\"text-align: center;\"><b>\u00a0Watsapp : (61) 981000067<\/b><\/p>\n<p style=\"text-align: center;\">( Aten\u00e7\u00e3o)<\/p>\n<p style=\"text-align: center;\">(N\u00e3o enviamos boletos de cobran\u00e7a, n\u00e3o pedimos doa\u00e7\u00f5es, n\u00e3o temos representantes ou cobradores, n\u00e3o ligamos pedindo confirma\u00e7\u00e3o de dados\u00a0 cadastrais, n\u00e3o pedimos nenhuma senha)<\/p>\n<p style=\"text-align: center;\">( N\u00e3o pedimos via liga\u00e7\u00e3o telef\u00f4nica ou watsapp,\u00a0 seus dados ou confirma\u00e7\u00e3o de cadastro )<\/p>\n<p style=\"text-align: center;\">www.abmpdf.com<\/p>\n<p style=\"text-align: center;\"><strong>copyright @ (1998\/2026) ABMPDF.ORG<\/strong><\/p>\n<\/td>\n<\/tr>\n<\/tbody>\n<\/table>\n","protected":false},"excerpt":{"rendered":"<p>Revalide Hoje Mesmo! E receba sua Nova Carteira Associativa\u00a0\u00a0 (CRPA: 2026) \u00a0* ( Descontos especiais por pontualidade ) Aten\u00e7\u00e3o antes de revalidar sua Anuidade entre\u00a0 Contato: \u00a0Watsapp (on-line) (61) 981000067 &#8211; N\u00e3o temos agentes cobradores e n\u00e3o emitimos ou enviamos boletos via correios ou por e-mail Mantenha-se voluntariamente c\/ sua Anuidade em Dia ! Procedimento [&hellip;]<\/p>\n","protected":false},"author":5,"featured_media":0,"parent":0,"menu_order":0,"comment_status":"closed","ping_status":"closed","template":"","meta":{"footnotes":""},"class_list":["post-520","page","type-page","status-publish","hentry"],"_links":{"self":[{"href":"https:\/\/www.abmpdf.com\/index.php?rest_route=\/wp\/v2\/pages\/520","targetHints":{"allow":["GET"]}}],"collection":[{"href":"https:\/\/www.abmpdf.com\/index.php?rest_route=\/wp\/v2\/pages"}],"about":[{"href":"https:\/\/www.abmpdf.com\/index.php?rest_route=\/wp\/v2\/types\/page"}],"author":[{"embeddable":true,"href":"https:\/\/www.abmpdf.com\/index.php?rest_route=\/wp\/v2\/users\/5"}],"replies":[{"embeddable":true,"href":"https:\/\/www.abmpdf.com\/index.php?rest_route=%2Fwp%2Fv2%2Fcomments&post=520"}],"version-history":[{"count":27,"href":"https:\/\/www.abmpdf.com\/index.php?rest_route=\/wp\/v2\/pages\/520\/revisions"}],"predecessor-version":[{"id":1919,"href":"https:\/\/www.abmpdf.com\/index.php?rest_route=\/wp\/v2\/pages\/520\/revisions\/1919"}],"wp:attachment":[{"href":"https:\/\/www.abmpdf.com\/index.php?rest_route=%2Fwp%2Fv2%2Fmedia&parent=520"}],"curies":[{"name":"wp","href":"https:\/\/api.w.org\/{rel}","templated":true}]}}