{"id":526,"date":"2016-09-28T19:39:49","date_gmt":"2016-09-28T19:39:49","guid":{"rendered":"http:\/\/www.abmpdf.com\/?page_id=526"},"modified":"2026-03-19T15:06:52","modified_gmt":"2026-03-19T18:06:52","slug":"radio-na-hora","status":"publish","type":"page","link":"https:\/\/www.abmpdf.com\/?page_id=526","title":{"rendered":"R\u00e1dio Web Freud"},"content":{"rendered":"<table border=\"0\" width=\"100%\" cellspacing=\"0\" cellpadding=\"5\">\n<tbody>\n<tr>\n<td>\n<p style=\"text-align: center;\"><strong>PERCURSO MULTIDISCIPLINAR LIVRE DE PSICAN\u00c1LISE DA ABMPDF\u00a0 &amp; UNI.FREUD<\/strong><\/p>\n<p style=\"text-align: center;\"><img loading=\"lazy\" decoding=\"async\" class=\" wp-image-1198 aligncenter\" src=\"https:\/\/www.abmpdf.com\/wp-content\/uploads\/2020\/12\/PSICANALISE.EAD_.2021.BR_-300x300.jpg\" alt=\"\" width=\"343\" height=\"343\" srcset=\"https:\/\/www.abmpdf.com\/wp-content\/uploads\/2020\/12\/PSICANALISE.EAD_.2021.BR_-300x300.jpg 300w, https:\/\/www.abmpdf.com\/wp-content\/uploads\/2020\/12\/PSICANALISE.EAD_.2021.BR_-150x150.jpg 150w, https:\/\/www.abmpdf.com\/wp-content\/uploads\/2020\/12\/PSICANALISE.EAD_.2021.BR_-768x768.jpg 768w, https:\/\/www.abmpdf.com\/wp-content\/uploads\/2020\/12\/PSICANALISE.EAD_.2021.BR_-1024x1024.jpg 1024w, https:\/\/www.abmpdf.com\/wp-content\/uploads\/2020\/12\/PSICANALISE.EAD_.2021.BR_.jpg 1280w\" sizes=\"auto, (max-width: 343px) 100vw, 343px\" \/><\/p>\n<p style=\"text-align: center;\"><strong>NOVAS TURMAS EAD \/\u00a0 2025<br \/>\n<\/strong><\/p>\n<p style=\"text-align: center;\"><strong> TELE AULAS AO VIVO ( E GRAVADAS)<br \/>\n<\/strong><\/p>\n<p style=\"text-align: center;\"><strong> ( TODO BRASIL )\u00a0<\/strong><\/p>\n<p style=\"text-align: center;\"><strong> PERCURSO MULTIDISCIPLINAR LIVRE DE PSICAN\u00c1LISE ABMPDF &amp; PARCERIA &#8211; UNI.FREUD<br \/>\n<\/strong><\/p>\n<p style=\"text-align: center;\">(Reserva de Vaga &#8211; Mediante avalia\u00e7\u00e3o de Curr\u00edculo e Agendamento de Entrevista)<\/p>\n<p style=\"text-align: center;\">Envie seu curr\u00edculo vitae p\/ nosso e-mail:<\/p>\n<p style=\"text-align: center;\">abmpdf.org@gmail.com<\/p>\n<p style=\"text-align: center;\">( Para sua seguran\u00e7a,\u00a0 recomendamos n\u00e3o inserir ou colocar RG ou CPF em seu curr\u00edculo vitae)<\/p>\n<\/td>\n<\/tr>\n<\/tbody>\n<\/table>\n","protected":false},"excerpt":{"rendered":"<p>PERCURSO MULTIDISCIPLINAR LIVRE DE PSICAN\u00c1LISE DA ABMPDF\u00a0 &amp; UNI.FREUD NOVAS TURMAS EAD \/\u00a0 2025 TELE AULAS AO VIVO ( E GRAVADAS) ( TODO BRASIL )\u00a0 PERCURSO MULTIDISCIPLINAR LIVRE DE PSICAN\u00c1LISE ABMPDF &amp; PARCERIA &#8211; UNI.FREUD (Reserva de Vaga &#8211; Mediante avalia\u00e7\u00e3o de Curr\u00edculo e Agendamento de Entrevista) Envie seu curr\u00edculo vitae p\/ nosso e-mail: abmpdf.org@gmail.com [&hellip;]<\/p>\n","protected":false},"author":4,"featured_media":0,"parent":0,"menu_order":0,"comment_status":"closed","ping_status":"closed","template":"","meta":{"footnotes":""},"class_list":["post-526","page","type-page","status-publish","hentry"],"_links":{"self":[{"href":"https:\/\/www.abmpdf.com\/index.php?rest_route=\/wp\/v2\/pages\/526","targetHints":{"allow":["GET"]}}],"collection":[{"href":"https:\/\/www.abmpdf.com\/index.php?rest_route=\/wp\/v2\/pages"}],"about":[{"href":"https:\/\/www.abmpdf.com\/index.php?rest_route=\/wp\/v2\/types\/page"}],"author":[{"embeddable":true,"href":"https:\/\/www.abmpdf.com\/index.php?rest_route=\/wp\/v2\/users\/4"}],"replies":[{"embeddable":true,"href":"https:\/\/www.abmpdf.com\/index.php?rest_route=%2Fwp%2Fv2%2Fcomments&post=526"}],"version-history":[{"count":40,"href":"https:\/\/www.abmpdf.com\/index.php?rest_route=\/wp\/v2\/pages\/526\/revisions"}],"predecessor-version":[{"id":1935,"href":"https:\/\/www.abmpdf.com\/index.php?rest_route=\/wp\/v2\/pages\/526\/revisions\/1935"}],"wp:attachment":[{"href":"https:\/\/www.abmpdf.com\/index.php?rest_route=%2Fwp%2Fv2%2Fmedia&parent=526"}],"curies":[{"name":"wp","href":"https:\/\/api.w.org\/{rel}","templated":true}]}}