{"id":544,"date":"2016-09-29T13:07:30","date_gmt":"2016-09-29T13:07:30","guid":{"rendered":"http:\/\/www.abmpdf.com\/?page_id=544"},"modified":"2021-01-02T13:44:30","modified_gmt":"2021-01-02T16:44:30","slug":"calendario-das-profissoes","status":"publish","type":"page","link":"https:\/\/www.abmpdf.com\/?page_id=544","title":{"rendered":"Calend\u00e1rio das Profiss\u00f5es"},"content":{"rendered":"<p><strong>Calend\u00e1rio das Profiss\u00f5es e Ocupa\u00e7\u00f5es\u00a0<\/strong><\/p>\n<p><strong>\u00a0Fonte: For\u00e7a Sindical\u00a0<\/strong><\/p>\n<div>\n<hr size=\"1\" \/>\n<\/div>\n<p><strong>Saiba em qual data comemorar a sua profiss\u00e3o:<\/strong><\/p>\n<table border=\"0\" width=\"564\" cellspacing=\"0\" cellpadding=\"0\">\n<tbody>\n<tr>\n<td width=\"273\"><strong>Janeiro<\/strong><br \/>\n08\u00b7\u00a0Dia do Fot\u00f3grafo<br \/>\n09. Dia do Astronauta<br \/>\n<strong>14\u00b7\u00a0Dia do Enfermo<\/strong><br \/>\n15. Dia Mundial do Compositor<br \/>\n20\u00b7\u00a0Dia do Farmac\u00eautico<br \/>\n25\u00b7\u00a0Dia do Carteiro<br \/>\n30\u00b7\u00a0Dia do Portu\u00e1rio<strong>Fevereiro<\/strong><strong><br \/>\n<\/strong>01. Dia do Publicit\u00e1rio<br \/>\n02\u00b7\u00a0Dia do Agente Fiscal<br \/>\n05\u00b7\u00a0Dia do Datiloscopista<br \/>\n07\u00b7\u00a0Dia do Gr\u00e1fico<br \/>\n09\u00b7\u00a0Dia do Zelador<br \/>\n10. Dia do Atleta Profissional<br \/>\n11\u00b7\u00a0Dia Mundial do Enfermo<br \/>\n<strong>16\u00b7\u00a0Dia do Rep\u00f3rter<\/strong><\/p>\n<p><strong>Mar\u00e7o<\/strong><br \/>\n03\u00b7\u00a0Dia do Meteorologista<br \/>\n<strong>12\u00b7\u00a0Dia do Bibliotec\u00e1rio<br \/>\n<\/strong>14\u00b7\u00a0Dia do Vendedor de Livros<br \/>\n19\u00b7\u00a0Dia do Carpinteiro<br \/>\n19\u00b7\u00a0Dia do Marceneiro<br \/>\n28\u00b7\u00a0Dia do Diagramador<br \/>\n28\u00b7\u00a0Revisor<\/p>\n<p><strong>Abril<\/strong><\/p>\n<p><strong>29. Dia do Jornalista<\/strong><br \/>\n21\u00b7\u00a0Dia do Metal\u00fargico<br \/>\n21. Dia do Policial Civil<br \/>\n21. Dia do Policial Militar<br \/>\n24\u00b7\u00a0Dia do Agente de Viagem<br \/>\n24\u00b7\u00a0Dia do Jovem Trabalhador<br \/>\n25\u00b7\u00a0Dia do Contabilista<br \/>\n26\u00b7\u00a0Dia do Goleiro<br \/>\n27\u00b7\u00a0Dia da Empregada Dom\u00e9stica<br \/>\n30\u00b7\u00a0Dia do Ferrovi\u00e1rio<br \/>\n<strong>30\u00b7\u00a0Dia Nacional da Mulher<\/strong><\/p>\n<p><strong>Maio<\/strong><\/p>\n<p><strong>01\u00b7\u00a0Dia Mundial do Trabalho<br \/>\n<\/strong>02\u00b7\u00a0Dia Nacional do Ex-combatente<br \/>\n02\u00b7\u00a0Dia do Taqu\u00edgrafo<br \/>\n<strong>03\u00b7\u00a0Dia do Sertanejo<br \/>\n<\/strong>05\u00b7\u00a0Dia do Pintor<br \/>\n06\u00b7\u00a0Dia do Cart\u00f3grafo<\/p>\n<p><strong>06. Dia do Psicanalista<\/strong><\/p>\n<p>07\u00b7\u00a0Dia do Oftalmologista<br \/>\n08\u00b7\u00a0Dia do Profissional Marketing<br \/>\n08\u00b7\u00a0Dia do Artista Pl\u00e1stico<br \/>\n<strong>12\u00b7\u00a0Dia Mundial do Enfermeiro<br \/>\n<\/strong>13. Dia do Vigilante<br \/>\n<strong>15\u00b7\u00a0Dia do Assistente Social<br \/>\n<\/strong>15\u00b7\u00a0Dia do Gerente Banc\u00e1rio<br \/>\n16\u00b7\u00a0Dia do Gari<br \/>\n18\u00b7\u00a0Dia dos Vidreiros<br \/>\n22\u00b7\u00a0Dia do Apicultor<br \/>\n24\u00b7\u00a0Dia do Datil\u00f3grafo<br \/>\n24\u00b7\u00a0Dia do Telegrafista<br \/>\n25\u00b7\u00a0Dia do Massagista<br \/>\n25\u00b7\u00a0Dia do Trabalhador Rural<br \/>\n<strong>27\u00b7\u00a0Dia do Profissional Liberal<br \/>\n<\/strong>29\u00b7\u00a0Dia do Estat\u00edstico<br \/>\n29\u00b7\u00a0Dia do Ge\u00f3grafo<br \/>\n30\u00b7\u00a0Dia do Ge\u00f3logo<br \/>\n31\u00b7\u00a0Dia do Comiss\u00e1rio de Bordo<\/p>\n<p><strong>Junho<\/strong><br \/>\n08\u00b7\u00a0Dia do Citricultor<br \/>\n09\u00b7\u00a0Dia do Porteiro<br \/>\n11\u00b7\u00a0Dia do Educador Sanit\u00e1rio<br \/>\n17\u00b7\u00a0Dia do Func. P\u00fablico Aposentado<br \/>\n18\u00b7\u00a0Dia do Qu\u00edmico<br \/>\n20\u00b7\u00a0Dia do Revendedor<br \/>\n26. Dia do Metrologista<br \/>\n29\u00b7\u00a0Dia da Telefonista<br \/>\n29\u00b7\u00a0Dia do Pescador<\/p>\n<p><strong>Julho<\/strong><br \/>\n02\u00b7\u00a0Dia do Bombeiro Brasileiro<br \/>\n04. Dia do Operador de Telemarketing<br \/>\n08\u00b7\u00a0Dia do Panificador<br \/>\n12. Dia do engenheiro Florestal<br \/>\n13\u00b7\u00a0Dia do Engenheiro de Saneamento<br \/>\n13\u00b7\u00a0Dia do Cantor<br \/>\n14\u00b7\u00a0Dia do Propagandista de Laborat\u00f3rio<br \/>\n16\u00b7\u00a0Dia do Comerciante<br \/>\n23\u00b7\u00a0Dia do Guarda Rodovi\u00e1rio<br \/>\n25\u00b7\u00a0Dia do Escritor<br \/>\n25\u00b7\u00a0Dia do Motorista<br \/>\n27\u00b7\u00a0Dia do Motociclista<br \/>\n28\u00b7\u00a0Dia do Agricultor<\/td>\n<td width=\"281\"><strong>Agosto<\/strong><br \/>\n03\u00b7\u00a0Dia do Tintureiro<br \/>\n11\u00b7\u00a0Dia do Advogado<br \/>\n11\u00b7\u00a0Dia do Gar\u00e7om<br \/>\n13\u00b7\u00a0Dia do Economista<br \/>\n25\u00b7\u00a0Dia do Feirante<br \/>\n25\u00b7\u00a0Dia do Soldado<br \/>\n27\u00b7\u00a0Dia do Corretor de Im\u00f3veis<br \/>\n<strong>27\u00b7\u00a0Dia do Psic\u00f3logo<\/strong><br \/>\n28\u00b7\u00a0Dia dos Banc\u00e1rios<br \/>\n31\u00b7\u00a0Dia da Nutricionista<strong>Setembro<\/strong><strong><br \/>\n<\/strong>01\u00b7\u00a0Dia do Profissional de Educ.F\u00edsica<br \/>\n02\u00b7\u00a0Dia do Rep\u00f3rter Fotogr\u00e1fico<br \/>\n03\u00b7\u00a0Dia do Guarda Civil<br \/>\n03\u00b7\u00a0Dia do Bi\u00f3logo<br \/>\n06\u00b7\u00a0Dia do Alfaiate<br \/>\n09\u00b7\u00a0Dia do Administrador<br \/>\n09\u00b7\u00a0Dia do M\u00e9dico Veterin\u00e1rio<br \/>\n12. Dia do operador de rastreamento<br \/>\n13\u00b7\u00a0Dia do Agr\u00f4nomo Mundial<br \/>\n21\u00b7\u00a0Dia do Radialista<br \/>\n23\u00b7\u00a0Dia do Soldador<br \/>\n27\u00b7\u00a0Dia do Encanador<br \/>\n29\u00b7\u00a0Dia do Anunciante<br \/>\n30\u00b7\u00a0Dia da Secret\u00e1ria<br \/>\n30\u00b7\u00a0Dia Mundial do Tradutor<br \/>\n30\u00b7\u00a0Dia Nacional do Jornaleiro<\/p>\n<p><strong>Outubro<\/strong><\/p>\n<p>1\u00ba\u00b7\u00a0Dia do Vendedor<br \/>\n<strong>03\u00b7\u00a0Dia Mundial do Dentista<\/strong><br \/>\n03\u00b7\u00a0Dia do Petr\u00f3leo Brasileiro<br \/>\n04\u00b7\u00a0Dia do Barman<br \/>\n12\u00b7\u00a0Dia do Engenheiro Agr\u00f4nomo<br \/>\n13. Dia do Terapeuta Ocupacional<br \/>\n13\u00b7\u00a0Dia do Fisioterapeuta<br \/>\n<strong>15\u00b7<\/strong><strong>\u00a0<\/strong><strong>Dia do Professor<br \/>\n<\/strong>17\u00b7\u00a0Dia do Eletricista<br \/>\n<strong>18\u00b7\u00a0Dia do M\u00e9dico<br \/>\n<\/strong>18\u00b7\u00a0Dia do Estivador<br \/>\n18\u00b7\u00a0Dia do Securit\u00e1rio<br \/>\n18\u00b7\u00a0Dia do Pintor<br \/>\n19. Dia do Profissional da Inform\u00e1tica<br \/>\n20. Dia do Controlador de Tr\u00e1fego A\u00e9reo<br \/>\n20. Dia do Arquivista<br \/>\n23\u00b7\u00a0Dia da Avia\u00e7\u00e3o e do Aviador<br \/>\n25\u00b7\u00a0Dia do Dentista Brasileiro<br \/>\n25\u00b7\u00a0Dia do Sapateiro<br \/>\n<strong>28\u00b7\u00a0Dia do Funcion\u00e1rio P\u00fablico<\/strong><br \/>\n30\u00b7\u00a0Dia do Balconista<br \/>\n30\u00b7\u00a0Dia do Comerci\u00e1rio<br \/>\n31\u00b7\u00a0Dia Mundial do Comiss\u00e1rio de V\u00f4o<\/p>\n<p>&nbsp;<\/p>\n<p><strong>Novembro<\/strong><strong><br \/>\n<\/strong>03\u00b7\u00a0Dia do Cabeleireiro<br \/>\n04\u00b7\u00a0Dia do Inventor<br \/>\n05\u00b7\u00a0Dia do Radioamador e T\u00e9c Eletr\u00f4nica<br \/>\n05\u00b7\u00a0Dia do T\u00e9cnico Agr\u00edcola<br \/>\n08\u00b7\u00a0Dia do Aposentado<br \/>\n09\u00b7\u00a0Dia do Hoteleiro<br \/>\n12. Dia do Diretor de Escola<br \/>\n20\u00b7\u00a0Dia do Auditor Interno<br \/>\n<strong>20. Dia do Biom\u00e9dico<br \/>\n<\/strong><strong>22\u00b7\u00a0Dia do M\u00fasico<br \/>\n<\/strong>27. Dia do T\u00e9cnico da Seg. do Trabalho<\/p>\n<p>&nbsp;<\/p>\n<p><strong>Dezembro<\/strong><br \/>\n04\u00b7\u00a0Dia do Pedicuro<br \/>\n<strong>04. Dia do Orientador Educacional<br \/>\n<\/strong>09\u00b7\u00a0Dia do Fonoaudi\u00f3logo<br \/>\n10\u00b7\u00a0Dia Universal do Palha\u00e7o<br \/>\n11\u00b7\u00a0Dia do Arquiteto<br \/>\n11\u00b7\u00a0Dia do Engenheiro<br \/>\n13\u00b7\u00a0Dia do Marinheiro<br \/>\n13\u00b7\u00a0Dia do \u00d3tico<br \/>\n13. Dia do Eng. Avaliador e Perito de Engenharia<br \/>\n18 . Dia do Muse\u00f3logo<br \/>\n19\u00a0\u00b7\u00a0Dia do Atleta Profissional<br \/>\n20\u00a0\u00b7\u00a0Dia do Mec\u00e2nico<br \/>\n21\u00a0\u00b7\u00a0Dia do Atleta<\/td>\n<\/tr>\n<\/tbody>\n<\/table>\n","protected":false},"excerpt":{"rendered":"<p>Calend\u00e1rio das Profiss\u00f5es e Ocupa\u00e7\u00f5es\u00a0 \u00a0Fonte: For\u00e7a Sindical\u00a0 Saiba em qual data comemorar a sua profiss\u00e3o: Janeiro 08\u00b7\u00a0Dia do Fot\u00f3grafo 09. Dia do Astronauta 14\u00b7\u00a0Dia do Enfermo 15. Dia Mundial do Compositor 20\u00b7\u00a0Dia do Farmac\u00eautico 25\u00b7\u00a0Dia do Carteiro 30\u00b7\u00a0Dia do Portu\u00e1rioFevereiro 01. Dia do Publicit\u00e1rio 02\u00b7\u00a0Dia do Agente Fiscal 05\u00b7\u00a0Dia do Datiloscopista 07\u00b7\u00a0Dia do Gr\u00e1fico [&hellip;]<\/p>\n","protected":false},"author":4,"featured_media":0,"parent":0,"menu_order":0,"comment_status":"closed","ping_status":"closed","template":"","meta":{"footnotes":""},"class_list":["post-544","page","type-page","status-publish","hentry"],"_links":{"self":[{"href":"https:\/\/www.abmpdf.com\/index.php?rest_route=\/wp\/v2\/pages\/544","targetHints":{"allow":["GET"]}}],"collection":[{"href":"https:\/\/www.abmpdf.com\/index.php?rest_route=\/wp\/v2\/pages"}],"about":[{"href":"https:\/\/www.abmpdf.com\/index.php?rest_route=\/wp\/v2\/types\/page"}],"author":[{"embeddable":true,"href":"https:\/\/www.abmpdf.com\/index.php?rest_route=\/wp\/v2\/users\/4"}],"replies":[{"embeddable":true,"href":"https:\/\/www.abmpdf.com\/index.php?rest_route=%2Fwp%2Fv2%2Fcomments&post=544"}],"version-history":[{"count":4,"href":"https:\/\/www.abmpdf.com\/index.php?rest_route=\/wp\/v2\/pages\/544\/revisions"}],"predecessor-version":[{"id":1241,"href":"https:\/\/www.abmpdf.com\/index.php?rest_route=\/wp\/v2\/pages\/544\/revisions\/1241"}],"wp:attachment":[{"href":"https:\/\/www.abmpdf.com\/index.php?rest_route=%2Fwp%2Fv2%2Fmedia&parent=544"}],"curies":[{"name":"wp","href":"https:\/\/api.w.org\/{rel}","templated":true}]}}