{"id":640,"date":"2016-10-03T18:38:19","date_gmt":"2016-10-03T18:38:19","guid":{"rendered":"http:\/\/www.abmpdf.com\/?page_id=640"},"modified":"2024-01-05T10:50:07","modified_gmt":"2024-01-05T13:50:07","slug":"dia-do-psicanalista","status":"publish","type":"page","link":"https:\/\/www.abmpdf.com\/?page_id=640","title":{"rendered":"Dia do PSICANALISTA"},"content":{"rendered":"<table border=\"0\" width=\"100%\" cellspacing=\"0\" cellpadding=\"5\">\n<tbody>\n<tr>\n<td>\n<p style=\"text-align: center;\"><img loading=\"lazy\" decoding=\"async\" class=\"size-full wp-image-641 aligncenter\" src=\"http:\/\/www.abmpdf.com\/wp-content\/uploads\/2016\/10\/dis.ps_.jpg\" alt=\"dis.ps\" width=\"450\" height=\"430\" srcset=\"https:\/\/www.abmpdf.com\/wp-content\/uploads\/2016\/10\/dis.ps_.jpg 450w, https:\/\/www.abmpdf.com\/wp-content\/uploads\/2016\/10\/dis.ps_-300x286.jpg 300w\" sizes=\"auto, (max-width: 450px) 100vw, 450px\" \/><\/p>\n<p><a title=\"ESTUDE PSICAN\u00c1LISE CONOSCO DA ABMP-DF \" href=\"abmpdf\/?page_id=508\" target=\"_blank\" rel=\"noopener\"><strong>ESTUDE PSICAN\u00c1LISE CONOSCO DA ABMP-DF ( CLICK AQUI )\u00a0<\/strong><\/a><\/p>\n<p><strong>DIA DO PSICANALISTA \u00a0\u00c9 DIA\u00a0<\/strong> 6 DE MAIO (ANUALMENTE)<\/p>\n<p>CONFRATERNIZA\u00c7\u00c3O DA ABMP-DF.ORG<\/p>\n<p>6\u00ba \u00a0Ano de \u00a0Confraterniza\u00e7\u00e3o (2014) do Percurso Psicanal\u00edtico da ABMP-DF<\/p>\n<p>(EM MEM\u00d3RIA E HONRA AO COMANDANTE: &#8220;JOS\u00c9 ISMAR QUEVEDO VALLS&#8221;)<\/p>\n<p><strong>\u00c9 Necess\u00e1rio<\/strong><strong>\u00a0Reserva e confi<\/strong>rma\u00e7\u00e3o de vaga (Antecipada)<\/p>\n<p>&nbsp;<\/p>\n<p>LOCAL:<\/p>\n<p>C.I.A.B.<\/p>\n<p>COMANDO DO 7\u00ba DISTRITO NAVAL DO CENTRO OESTE<\/p>\n<p>&nbsp;<\/p>\n<p><strong>(Reserva Antecipada e Acesso ao CIAB somente a Autorizados\/Identificados)\u00a0<\/strong><\/p>\n<p>&nbsp;<\/p>\n<p><strong>C.I.A.B<\/strong><\/p>\n<p><strong>Marinha do Brasil\u00a0<\/strong><\/p>\n<hr \/>\n<p><strong>Prestemos nossa Homenagem (in-memorian) \u00a0<\/strong><\/p>\n<p><strong>Ao Professor \u00a0Dr. Sigmund Freud Criador da Psican\u00e1lise (1856\/1939) \u00a0<\/strong><\/p>\n<p><strong>Para acessar o Museu de Freud click abaixo desta p\u00e1gina na Placa DA Funda\u00e7\u00e3o de Freud<\/strong><\/p>\n<p><strong>\u00a0Londres &#8211; Inglaterra\u00a0<\/strong><\/p>\n<p>&nbsp;<\/p>\n<p><strong><a title=\"FREUD EST\u00c1 DE VOLTA ! ESTUDE PSICAN\u00c1LISE !\" href=\"boletim.pdf\/freud.pdf\" target=\"_blank\" rel=\"noopener\">FREUD EST\u00c1 DE VOLTA ! CLICK AQUI PARA LER ARTIGO !\u00a0<\/a><\/strong><\/p>\n<p>&nbsp;<\/td>\n<\/tr>\n<\/tbody>\n<\/table>\n<table border=\"0\" width=\"100%\" cellspacing=\"0\" cellpadding=\"5\">\n<tbody>\n<tr>\n<td>\n<div align=\"left\"><\/div>\n<p>&nbsp;<\/p>\n<p><strong><em>FREUD :<\/em><\/strong><\/p>\n<p><strong><em>Homenagem de um n\u00e3o-iniciado:<\/em><\/strong><\/p>\n<p><strong><em>O amanhecer das emo\u00e7\u00f5es<\/em><\/strong><strong><em>*<\/em><\/strong><\/p>\n<p><strong>CARLOS ALBERTO MENEZES DIREITO**<\/strong><\/p>\n<p><strong><em>Desembargador do Tribunal de Justi\u00e7a do<\/em><\/strong><\/p>\n<p><strong><em>Estado do Rio de Janeiro.<\/em><\/strong><\/p>\n<p>&nbsp;<\/p>\n<p>O fasc\u00ednio despertado pela vida e obra de Freud est\u00e1 ocupando o espa\u00e7o necess\u00e1rio nestes tempos do cinq\u00fcenten\u00e1rio de sua morte.<\/p>\n<p>&nbsp;<\/p>\n<p>H\u00e1 o combate do avan\u00e7o da quimioterapia, deitando ra\u00edzes nas terapias poss\u00edveis das doen\u00e7as emocionais.<\/p>\n<p>A descoberta do largo alcance do diazep\u00ednicos e outras drogas poderosas parece a queda da bastilha da alma, que a psican\u00e1lise dos primeiros tempos construiu como escora para salvar o homem pela leitura profunda do armaz\u00e9m \u00e9tico do seu inconsciente. Todavia, esta nova tecnologia de livrar o desespero da pessoa humana dos males de sua incompatibilidade com o existir hist\u00f3rico que a realidade lhe imp\u00f5e n\u00e3o \u00e9 capaz de espancar a genialidade do vienense, presen\u00e7a da humanidade que atravessou desde o seu tempo at\u00e9 o nosso tempo o todo do tempo.<\/p>\n<p>&nbsp;<\/p>\n<p>De todos os modos, \u00e9 hora de resgatar a psican\u00e1lise da panac\u00e9ia, redimensionando a sua busca, para que ela pr\u00f3pria n\u00e3o seja causa de seu desprest\u00edgio. \u00c9 preciso colher com proveito a li\u00e7\u00e3o que Charcot transmitiu ao jovem Freud: a obedi\u00eancia submissa do cientista aos fatos n\u00e3o \u00e9 a advers\u00e1ria, mas a fonte e a servidora da teoria.<\/p>\n<p>&nbsp;<\/p>\n<p>Ningu\u00e9m mais desconhece que v\u00e1rias for\u00e7as atuam nos primeiros anos de vida para criar condi\u00e7\u00f5es a uma maturidade neur\u00f3tica.<\/p>\n<p>&nbsp;<\/p>\n<p>N\u00e3o adianta culpar os pais, seja pela superprote\u00e7\u00e3o, seja pela subprote\u00e7\u00e3o.<\/p>\n<p>O fato b\u00e1sico \u00e9 que a luta pela sobreviv\u00eancia, em uma sociedade que, cobra o sucesso a qualquer, pre\u00e7o, faz transbordarias deforma\u00e7\u00f5es adquiridas.<\/p>\n<p>E a incompreens\u00e3o com os epis\u00f3dios neur\u00f3ticos<\/p>\n<p>* 29 de setembro de 1989.<\/p>\n<p>** Ministro do Superior Tribunal de Justi\u00e7a, a partir de 27\/6\/1996.<\/p>\n<p>&nbsp;<\/p>\n<p>Freud : homenagem de um n\u00e3o-iniciado : o amanhecer das emo\u00e7\u00f5es<\/p>\n<p>des\u00e1gua sempre na destrui\u00e7\u00e3o da conviv\u00eancia, no apagar de luzes da<\/p>\n<p>felicidade, no trope\u00e7o com o bem da vida.<\/p>\n<p>Com Freud, desde a segunda metade do s\u00e9culo XIX, foi poss\u00edvel entender que muitos sintomas f\u00edsicos podem ser enfrentados com<\/p>\n<p>o conhecimento da alma. A ci\u00eancia deve ao pai da psican\u00e1lise a abertura do inconsciente.<\/p>\n<p>&nbsp;<\/p>\n<p>Os sinais freudianos da disparidade emocional entre o que se deseja e o que se vive, ou, simplesmente, da freq\u00fcente repulsa \u00e0 pr\u00f3pria realidade existencial, \u00e9 certo que podem encontrar na quimioterapia uma sa\u00edda, e at\u00e9 mesmo uma cura. Por\u00e9m, a psican\u00e1lise \u00e9 capaz de curar, se por cura se puder entender \u00e0 capacidade da intelig\u00eancia do homem de compreender a sua patologia e faz\u00ea-la aliada da vida e n\u00e3o companhia da morte, que nasce no mesmo momento em que a pessoa briga com a vida.<\/p>\n<p>&nbsp;<\/p>\n<p>A pessoa humana rege-se pelas afinidades das suas emo\u00e7\u00f5es.<\/p>\n<p>Essas afinidades medem-se pela intensidade das rela\u00e7\u00f5es entre a intelig\u00eancia e a realidade. E da\u00ed o segredo do homem ser tamb\u00e9m a sua claridade. Foi assim que Freud ensinou a soberania do observador:<\/p>\n<p>&nbsp;<\/p>\n<p>Quem tem olhos para ver e ouvidos para ouvir, convence-se de que os mortais n\u00e3o conseguem guardar segredos. Se os l\u00e1bios est\u00e3o silenciosos, eles tagarelam com as pontas dos dedos; a trai\u00e7\u00e3o abre seu caminho por todos os poros. Freud revelou que cada pessoa humana pode descobrir dentro de si o alimento para viver conscientemente\u00a0em paz. Olhar\u00a0para o seu mundo interior, buscar as suas influ\u00eancias, separar o que \u00e9 seu e o que veio de fora fazem parte da liberta\u00e7\u00e3o de cada um para viver melhor e mais feliz.<\/p>\n<p>&nbsp;<\/p>\n<p>\u00c9 o verdadeiro amanhecer das emo\u00e7\u00f5es.<\/p>\n<p>Fonte Consultada:\u00a0<a href=\"http:\/\/bdjur.stj.gov.br\/\">http:\/\/bdjur.stj.gov.br<\/a><\/p>\n<p>&nbsp;<\/p>\n<p>&nbsp;<\/p>\n<p align=\"center\"><strong>HOMENAGEM AO PAI DA PSICAN\u00c1LISE IN MEMORIAN\u00a0<\/strong><\/p>\n<p><strong>&#8220;Dia do Psicanalista&#8221;<br \/>\n<\/strong><br \/>\nSigsmund Schlomo Freud nasceu em 6 de maio de 1856, em Freiberg, Moravia (atualmente Pribor, Checoslovaquia) Fundador da Psican\u00e1lise o Mundo nunca mais foi o mesmo ap\u00f3s a Psican\u00e1lise.<\/p>\n<p><strong>\u201cFreud abriu uma janela para o Inconsciente, mudou a forma das pessoas olharem para si mesmas e para os Outros.\u201d<\/strong><\/p>\n<p><strong>Cita\u00e7\u00e3o do Livro:<\/strong><strong>\u201cDossi\u00ea Freud\u201d<\/strong>\u00a0Autora: Elizabeth Mednicoff\u00a0<strong>Ed. Universo dos Livros\u00a0<\/strong><\/p>\n<p>O pai de Freud, um comerciante judeu de posses modestas, levou a fam\u00edlia para Leipzig, Alemanha (1859), seguindo para Viena (1860), onde Freud viveu at\u00e9 1938.<\/p>\n<p>Aos 8 anos de idade, Freud lia Shakespeare e, na adolesc\u00eancia, ouviu uma confer\u00eancia, cujo tema era o ensaio de Goethe sobre a natureza, ficando profundamente impressionado.<\/p>\n<p>Abreviou seu nome para Sigmund Freud em 1877.<\/p>\n<p>Freud estudou e falava em seis Idiomas.<br \/>\nPretendia estudar Direito, mas decidiu seguir Medicina, interessado na \u00e1rea de pesquisas. Ingressou na Universidade de Viena em 1873. Como aluno, Freud iniciou um trabalho de pesquisa sobre o sistema nervoso central, orientado por Ernst Von Br\u00fccke (1876), e formou-se m\u00e9dico em 1881. Trabalhou na Cl\u00ednica Psiqui\u00e1trica de Theodor Meynert (1882-83), estudando posteriormente com Charcot (Salpetri\u00e8re), em Paris (1885).<\/p>\n<p><strong>GOVERNO DO ESTADO DE S\u00c3O PAULO<br \/>\n<\/strong><br \/>\n<strong>&#8220;Dia do Psicanalista&#8221;<br \/>\n<\/strong><br \/>\n6 DE MAIO<\/p>\n<p>LEI N\u00ba 12.933<\/p>\n<p><strong>(Projeto de lei n\u00ba 700, de 2004 da Deputada Beth Sah\u00e3o &#8211; PT)<\/strong><\/p>\n<p>Institui o &#8220;Dia do Psicanalista&#8221;<\/p>\n<p>O PRESIDENTE DA ASSEMBL\u00c9IA LEGISLATIVA:<\/p>\n<p>Fa\u00e7o saber que a Assembl\u00e9ia Legislativa decreta e eu promulgo, nos termos do artigo 28, \u00a7 4\u00ba, da Constitui\u00e7\u00e3o do Estado, a seguinte lei:<\/p>\n<p><strong>Artigo 1\u00ba &#8211; Fica institu\u00eddo o &#8220;Dia do Psicanalista&#8221;, a ser comemorado, anualmente, no dia 6 de maio.<br \/>\n<\/strong><br \/>\nArtigo 2\u00ba &#8211; Esta lei entra em vigor na data de sua publica\u00e7\u00e3o.<\/p>\n<p>Assembl\u00e9ia Legislativa do Estado de S\u00e3o Paulo, aos 23 de abril de 2008.<\/p>\n<p>a) WALDIR AGNELLO &#8211; 1\u00baVice-Presidente no exerc\u00edcio da Presid\u00eancia<\/p>\n<p>Publicada na Secretaria da Assembl\u00e9ia Legislativa do Estado de S\u00e3o Paulo, aos 23 de abril de 2008.<\/p>\n<p>a) Auro Augusto Calimam, &#8211; Secret\u00e1rio Geral Parlamentar<\/p>\n<p><strong>\u00a0\u00a0\u00a0\u00a0\u00a0\u00a0\u00a0\u00a0\u00a0\u00a0\u00a0\u00a0\u00a0\u00a0\u00a0\u00a0\u00a0\u00a0\u00a0\u00a0\u00a0\u00a0\u00a0\u00a0\u00a0\u00a0\u00a0\u00a0\u00a0\u00a0\u00a0\u00a0\u00a0\u00a0\u00a0\u00a0\u00a0\u00a0\u00a0\u00a0\u00a0\u00a0\u00a0 GOVERNO DE VIT\u00d3RIA-ES<\/strong><\/p>\n<p>CAPITAL DO ESTADO DO ESPIRITO SANTO<\/p>\n<p>&nbsp;<\/p>\n<p>&#8220;Dia do Psicanalista&#8221;.<\/p>\n<p>6 DE MAIO<\/p>\n<p>LEI n\u00ba 6.362<\/p>\n<p>O Prefeito Municipal de Vit\u00f3ria, Capital do Estado do Esp\u00edrito Santo, fa\u00e7o saber que a C\u00e2mara Municipal aprovou e eu sanciono, na forma do Art. 113, inciso III, da Lei Org\u00e2nica do Munic\u00edpio de Vit\u00f3ria, a seguinte Lei:<\/p>\n<p>Art. 1\u00ba. Fica institu\u00eddo o dia 06 de maio, no \u00e2mbito do munic\u00edpio de Vit\u00f3ria, como Dia do Psicanalista.<\/p>\n<p>Art. 2\u00ba. O dia 06 de maio passar\u00e1 a fazer parte do calend\u00e1rio de eventos do munic\u00edpio de Vit\u00f3ria como sendo o Dia do Psicanalista.<\/p>\n<p><strong>Art. 3\u00ba. O Dia do Psicanalista ter\u00e1 como ponto culminante palestras sobre a hist\u00f3ria da psican\u00e1lise, sua import\u00e2ncia para a sociedade, as fun\u00e7\u00f5es do psicanalista.<\/strong><\/p>\n<p>Art. 4\u00ba. Fica o Poder Executivo autorizado a firmar conv\u00eanio com as associa\u00e7\u00f5es, sociedades e institutos de psican\u00e1lise para a realiza\u00e7\u00e3o de eventos no que diz respeito ao dia.<\/p>\n<p>Art. 5\u00ba. Esta Lei entra em vigor na data de sua publica\u00e7\u00e3o.<\/p>\n<p>Pal\u00e1cio Jer\u00f4nimo Monteiro, em 20 de julho de 2005.<\/p>\n<p>Jo\u00e3o Carlos Coser-Prefeito Municipal<\/p>\n<p><strong>GOVERNO DO ESTADO DE PERNAMBUCO<\/strong><br \/>\n&#8220;Dia do Psicanalista&#8221;<\/p>\n<p>23 DE SETEMBRO<\/p>\n<p>LEI n\u00ba 13.045<\/p>\n<p>A contribui\u00e7\u00e3o do m\u00e9dico austr\u00edaco Sigmund Freud (1856-1939) para a ci\u00eancia e a medicina recebeu destaque na Alepe com a aprova\u00e7\u00e3o da Lei n\u00ba 13.045, de autoria do deputado Ant\u00f4nio Figueir\u00f4a (PTB). A iniciativa cria, em Pernambuco, o Dia do Psicanalista, a ser comemorado em 23 de setembro. A data foi escolhida por ser o dia da morte de Freud, considerado o pai da teoria psicanal\u00edtica. &#8220;Essa \u00e9 uma justa homenagem a todos os psicanalistas, pela sua import\u00e2ncia na qualidade de vida da humanidade, e aos que direta ou indiretamente j\u00e1 foram ou ainda ser\u00e3o beneficiados pelo legado freudiano&#8221;, avaliou Figueir\u00f4a.<\/p>\n<p>Sigmund Freud aperfei\u00e7oou a t\u00e9cnica do m\u00e9dico e fisiologista Josef Breuer, tornando a psican\u00e1lise capaz de tratar dist\u00farbios mentais e de comportamento da forma que conhecemos hoje. O pensamento de Freud est\u00e1 contido em tr\u00eas obras principais: Interpreta\u00e7\u00e3o dos sonhos, a mais conhecida, publicada em 1900; Psicopatologia da vida cotidiana (1901), na qual apresenta as bases da teoria psicanal\u00edtica, e Tr\u00eas ensaios sobre a Teoria da Sexualidade (1905), que cont\u00e9m o desenvolvimento e exposi\u00e7\u00e3o de sua teoria.<\/p>\n<p>De acordo com Figueir\u00f4a, o Dia do Psicanalista tamb\u00e9m visa valorizar o movimento psicanal\u00edtico de Pernambuco, que vem ocupando posi\u00e7\u00e3o de destaque no Nordeste. &#8220;O n\u00famero de profissionais nessa \u00e1rea tem crescido e novas institui\u00e7\u00f5es que congregam e formam psicanalistas surgem a cada dia&#8221;, comentou.<\/p>\n<p>Fonte Consultada:\u00a0<a href=\"http:\/\/local.artigosinformativos.com.br\/Freud_e_o_Dia_do_Psicanalista_Londrina_Parana-r1164076-Londrina_PR.html\">http:\/\/local.artigosinformativos.com.br\/Freud_e_o_Dia_do_Psicanalista_Londrina_Parana-r1164076-Londrina_PR.html<\/a><\/p>\n<p>&nbsp;<\/td>\n<\/tr>\n<\/tbody>\n<\/table>\n","protected":false},"excerpt":{"rendered":"<p>ESTUDE PSICAN\u00c1LISE CONOSCO DA ABMP-DF ( CLICK AQUI )\u00a0 DIA DO PSICANALISTA \u00a0\u00c9 DIA\u00a0 6 DE MAIO (ANUALMENTE) CONFRATERNIZA\u00c7\u00c3O DA ABMP-DF.ORG 6\u00ba \u00a0Ano de \u00a0Confraterniza\u00e7\u00e3o (2014) do Percurso Psicanal\u00edtico da ABMP-DF (EM MEM\u00d3RIA E HONRA AO COMANDANTE: &#8220;JOS\u00c9 ISMAR QUEVEDO VALLS&#8221;) \u00c9 Necess\u00e1rio\u00a0Reserva e confirma\u00e7\u00e3o de vaga (Antecipada) &nbsp; LOCAL: C.I.A.B. COMANDO DO 7\u00ba DISTRITO [&hellip;]<\/p>\n","protected":false},"author":4,"featured_media":0,"parent":0,"menu_order":0,"comment_status":"closed","ping_status":"closed","template":"","meta":{"footnotes":""},"class_list":["post-640","page","type-page","status-publish","hentry"],"_links":{"self":[{"href":"https:\/\/www.abmpdf.com\/index.php?rest_route=\/wp\/v2\/pages\/640","targetHints":{"allow":["GET"]}}],"collection":[{"href":"https:\/\/www.abmpdf.com\/index.php?rest_route=\/wp\/v2\/pages"}],"about":[{"href":"https:\/\/www.abmpdf.com\/index.php?rest_route=\/wp\/v2\/types\/page"}],"author":[{"embeddable":true,"href":"https:\/\/www.abmpdf.com\/index.php?rest_route=\/wp\/v2\/users\/4"}],"replies":[{"embeddable":true,"href":"https:\/\/www.abmpdf.com\/index.php?rest_route=%2Fwp%2Fv2%2Fcomments&post=640"}],"version-history":[{"count":2,"href":"https:\/\/www.abmpdf.com\/index.php?rest_route=\/wp\/v2\/pages\/640\/revisions"}],"predecessor-version":[{"id":1736,"href":"https:\/\/www.abmpdf.com\/index.php?rest_route=\/wp\/v2\/pages\/640\/revisions\/1736"}],"wp:attachment":[{"href":"https:\/\/www.abmpdf.com\/index.php?rest_route=%2Fwp%2Fv2%2Fmedia&parent=640"}],"curies":[{"name":"wp","href":"https:\/\/api.w.org\/{rel}","templated":true}]}}